{"id":125,"date":"2017-12-27T19:21:41","date_gmt":"2017-12-27T19:21:41","guid":{"rendered":"http:\/\/sandtrooper.hu\/?page_id=125"},"modified":"2022-01-09T19:18:08","modified_gmt":"2022-01-09T18:18:08","slug":"fegyverek","status":"publish","type":"page","link":"https:\/\/sandtrooper.hu\/index.php\/fegyverek\/","title":{"rendered":"Fegyverek"},"content":{"rendered":"<p>Mint minden rohamosztagosn\u00e1l, itt is alapb\u00f3l egy <strong>E-11<\/strong> k\u00e9zifegyver az alap (eredetileg egy II. vil\u00e1gh\u00e1bor\u00fas Sterling g\u00e9ppisztoly).<a href=\"https:\/\/sandtrooper.hu\/wp-content\/uploads\/2017\/12\/E-11_blaster_rifle_FF.png\"><img loading=\"lazy\" decoding=\"async\" class=\"wp-image-192 size-medium aligncenter\" src=\"https:\/\/sandtrooper.hu\/wp-content\/uploads\/2017\/12\/E-11_blaster_rifle_FF-300x138.png\" alt=\"\" width=\"300\" height=\"138\" srcset=\"https:\/\/sandtrooper.hu\/wp-content\/uploads\/2017\/12\/E-11_blaster_rifle_FF-300x138.png 300w, https:\/\/sandtrooper.hu\/wp-content\/uploads\/2017\/12\/E-11_blaster_rifle_FF-768x352.png 768w, https:\/\/sandtrooper.hu\/wp-content\/uploads\/2017\/12\/E-11_blaster_rifle_FF.png 966w\" sizes=\"auto, (max-width: 300px) 100vw, 300px\" \/><\/a><\/p>\n<p>A filmen viszont l\u00e1thattunk m\u00e1s fegyvereket is. Az <strong>DLT-19, MG-15<\/strong> (heavy blaster), \u00e9s a <strong>T-21<\/strong> (Light Reapiting blaster) \u00e9s az \u00faj verzi\u00f3ban egy helyi l\u00e9ny h\u00e1t\u00e1n \u00fcl\u0151 sandtrooper kez\u00e9ben egy (nyilv\u00e1n \u00f6szt\u00f6k\u00e9l\u00e9sre szolg\u00e1l\u00f3) hegyes szersz\u00e1m.<\/p>\n<p><a href=\"https:\/\/sandtrooper.hu\/wp-content\/uploads\/2017\/12\/Zme3EPp3ZqyCaEUsCV9K8b.png\"><img loading=\"lazy\" decoding=\"async\" class=\"aligncenter wp-image-26 size-large\" src=\"https:\/\/sandtrooper.hu\/wp-content\/uploads\/2017\/12\/Zme3EPp3ZqyCaEUsCV9K8b-1024x435.png\" alt=\"\" width=\"640\" height=\"272\" srcset=\"https:\/\/sandtrooper.hu\/wp-content\/uploads\/2017\/12\/Zme3EPp3ZqyCaEUsCV9K8b-1024x435.png 1024w, https:\/\/sandtrooper.hu\/wp-content\/uploads\/2017\/12\/Zme3EPp3ZqyCaEUsCV9K8b-300x128.png 300w, https:\/\/sandtrooper.hu\/wp-content\/uploads\/2017\/12\/Zme3EPp3ZqyCaEUsCV9K8b-768x326.png 768w, https:\/\/sandtrooper.hu\/wp-content\/uploads\/2017\/12\/Zme3EPp3ZqyCaEUsCV9K8b.png 1920w\" sizes=\"auto, (max-width: 640px) 100vw, 640px\" \/><\/a><\/p>\n<p>Ut\u00f3bbi elk\u00e9sz\u00edt\u00e9se nem t\u0171nik komoly feladatnak, de a t\u00f6bbi fegyver m\u00e1r kem\u00e9nyebb di\u00f3.<\/p>\n<p>&nbsp;<\/p>\n<p><em>BlasTech T-21 (Light Repeating Blaster)<\/em><\/p>\n<p><a href=\"https:\/\/sandtrooper.hu\/wp-content\/uploads\/2017\/12\/4415140666_89d369a79c_o2.jpg\"><img loading=\"lazy\" decoding=\"async\" class=\"aligncenter wp-image-142 size-large\" src=\"https:\/\/sandtrooper.hu\/wp-content\/uploads\/2017\/12\/4415140666_89d369a79c_o2-1024x440.jpg\" alt=\"\" width=\"640\" height=\"275\" srcset=\"https:\/\/sandtrooper.hu\/wp-content\/uploads\/2017\/12\/4415140666_89d369a79c_o2-1024x440.jpg 1024w, https:\/\/sandtrooper.hu\/wp-content\/uploads\/2017\/12\/4415140666_89d369a79c_o2-300x129.jpg 300w, https:\/\/sandtrooper.hu\/wp-content\/uploads\/2017\/12\/4415140666_89d369a79c_o2-768x330.jpg 768w\" sizes=\"auto, (max-width: 640px) 100vw, 640px\" \/><\/a><\/p>\n<p>Mint sok m\u00e1s kell\u00e9knek, ennek alapj\u00e1t is egy m\u00e1sodik vil\u00e1gh\u00e1bor\u00fas darab k\u00e9pezte.<br \/>\nEgy amerikai Lewis Mark I. Machine Gun, t\u00e1r n\u00e9lk\u00fcl, egy p\u00e1r dologgal felcicom\u00e1zva.<\/p>\n<p>&nbsp;<\/p>\n<p><em>BlasTech DLT-19 (Heavy Blaster)<\/em><\/p>\n<p><a href=\"https:\/\/sandtrooper.hu\/wp-content\/uploads\/2017\/12\/DSC_0302_zpsmdxyvukt.jpg\"><img loading=\"lazy\" decoding=\"async\" class=\"aligncenter wp-image-145 size-full\" src=\"https:\/\/sandtrooper.hu\/wp-content\/uploads\/2017\/12\/DSC_0302_zpsmdxyvukt.jpg\" alt=\"\" width=\"1005\" height=\"265\" srcset=\"https:\/\/sandtrooper.hu\/wp-content\/uploads\/2017\/12\/DSC_0302_zpsmdxyvukt.jpg 1005w, https:\/\/sandtrooper.hu\/wp-content\/uploads\/2017\/12\/DSC_0302_zpsmdxyvukt-300x79.jpg 300w, https:\/\/sandtrooper.hu\/wp-content\/uploads\/2017\/12\/DSC_0302_zpsmdxyvukt-768x203.jpg 768w\" sizes=\"auto, (max-width: 1005px) 100vw, 1005px\" \/><\/a><\/p>\n<p>Alapja egy n\u00e9met gy\u00e1rtm\u00e1ny\u00fa MG-34 g\u00e9pfegyver.<\/p>\n<p>A filmben haszn\u00e1lt fegyverek eredet\u00e9r\u0151l al\u00e1bb egy kimer\u00edt\u0151 \u00edr\u00e1s Magyar nyelven:<br \/>\n<a href=\"https:\/\/www.gamestar.hu\/masvilag\/honnan-ismerosek-a-star-wars-lofegyverei-291810.html\" target=\"_blank\" rel=\"noopener\">https:\/\/www.gamestar.hu\/masvilag\/honnan-ismerosek-a-star-wars-lofegyverei-291810.html<\/a><\/p>\n<p>&nbsp;<\/p>\n","protected":false},"excerpt":{"rendered":"<p>Mint minden rohamosztagosn\u00e1l, itt is alapb\u00f3l egy E-11 k\u00e9zifegyver az alap (eredetileg egy II. vil\u00e1gh\u00e1bor\u00fas Sterling g\u00e9ppisztoly). A filmen viszont l\u00e1thattunk m\u00e1s fegyvereket is. Az DLT-19, MG-15 (heavy blaster), \u00e9s a T-21 (Light Reapiting blaster) \u00e9s az \u00faj verzi\u00f3ban egy helyi l\u00e9ny h\u00e1t\u00e1n \u00fcl\u0151 sandtrooper kez\u00e9ben egy (nyilv\u00e1n \u00f6szt\u00f6k\u00e9l\u00e9sre szolg\u00e1l\u00f3) hegyes szersz\u00e1m. Ut\u00f3bbi elk\u00e9sz\u00edt\u00e9se nem &#8230; <a title=\"Fegyverek\" class=\"read-more\" href=\"https:\/\/sandtrooper.hu\/index.php\/fegyverek\/\">Read more<span class=\"screen-reader-text\">Fegyverek<\/span><\/a><\/p>\n","protected":false},"author":1,"featured_media":0,"parent":0,"menu_order":0,"comment_status":"closed","ping_status":"closed","template":"","meta":{"footnotes":""},"class_list":["post-125","page","type-page","status-publish"],"_links":{"self":[{"href":"https:\/\/sandtrooper.hu\/index.php\/wp-json\/wp\/v2\/pages\/125","targetHints":{"allow":["GET"]}}],"collection":[{"href":"https:\/\/sandtrooper.hu\/index.php\/wp-json\/wp\/v2\/pages"}],"about":[{"href":"https:\/\/sandtrooper.hu\/index.php\/wp-json\/wp\/v2\/types\/page"}],"author":[{"embeddable":true,"href":"https:\/\/sandtrooper.hu\/index.php\/wp-json\/wp\/v2\/users\/1"}],"replies":[{"embeddable":true,"href":"https:\/\/sandtrooper.hu\/index.php\/wp-json\/wp\/v2\/comments?post=125"}],"version-history":[{"count":17,"href":"https:\/\/sandtrooper.hu\/index.php\/wp-json\/wp\/v2\/pages\/125\/revisions"}],"predecessor-version":[{"id":533,"href":"https:\/\/sandtrooper.hu\/index.php\/wp-json\/wp\/v2\/pages\/125\/revisions\/533"}],"wp:attachment":[{"href":"https:\/\/sandtrooper.hu\/index.php\/wp-json\/wp\/v2\/media?parent=125"}],"curies":[{"name":"wp","href":"https:\/\/api.w.org\/{rel}","templated":true}]}}