{"id":210,"date":"2018-01-01T19:17:20","date_gmt":"2018-01-01T18:17:20","guid":{"rendered":"http:\/\/sandtrooper.hu\/?page_id=210"},"modified":"2018-01-01T19:18:01","modified_gmt":"2018-01-01T18:18:01","slug":"kellekek","status":"publish","type":"page","link":"https:\/\/sandtrooper.hu\/index.php\/kellekek\/","title":{"rendered":"Kell\u00e9kek"},"content":{"rendered":"<p>Egy filmh\u0171 props, azaz kell\u00e9k elk\u00e9sz\u00edt\u00e9se nem egyszer\u0171 feladat. Egyr\u00e9szr\u0151l t\u00f6k\u00e9letesen hasonl\u00edtania kell az adott filmen l\u00e1tott eredetihez, mik\u00f6zben azokn\u00e1l t\u00f6bbnyire magasabb min\u0151s\u00e9g\u0171nek kell lennie. A forgat\u00e1sokhoz legt\u00f6bbsz\u00f6r gyenge, \u00f6sszet\u00e1kolt d\u00edszletek \u00e9s kell\u00e9kek k\u00e9sz\u00fclnek. A c\u00e9l min\u00e9l olcs\u00f3bban el\u0151\u00e1ll\u00edtani a p\u00e1r kocka erej\u00e9ig haszn\u00e1lt \u00e9s a forgat\u00e1s ut\u00e1n kidoband\u00f3 d\u00edszletet, eszk\u00f6zt. Ez a c\u00e9l.<br \/>\nMik\u00f6zben p\u00e9ld\u00e1ul a tal\u00e1lkoz\u00f3kra \u00e9p\u00edtett, \u00f6sszeszerelt, varrott, stb. m\u00e1solatoknak t\u00f6bbet kell kib\u00edrniuk mint p\u00e1r filmkocka. \ud83d\ude42<\/p>\n<p>A m\u00e1sik feladat, hogy az elk\u00e9sz\u00fclt replika illeszkedjen az elk\u00e9pzelt t\u00f6rt\u00e9netbe. Vegy\u00fck konkr\u00e9tan p\u00e9ld\u00e1ul a sandtrooper m\u00e1lha r\u00e1di\u00f3j\u00e1t. Ez az a bizonyos Victorionix r\u00e1di\u00f3, amit a filmen is l\u00e1thattunk egy nagy katyvasz (WC szifon, konyhai alkatr\u00e9szek, pal\u00e1nt\u00e1z\u00f3t\u00e1lc\u00e1k, stb.) r\u00e9szek\u00e9nt. J\u00f3l n\u00e9z ki a k\u00e9peken, de k\u00f6zelr\u0151l megn\u00e9zve angol feliratokat tartalmaz. El\u00e9g h\u00fcly\u00e9n mutat egy olyan vil\u00e1gban ahol <a href=\"http:\/\/hu.starwars.wikia.com\/wiki\/Aurebesh\" target=\"_blank\" rel=\"noopener\">aurebesh<\/a> \u00edr\u00e1s szerepel mindenhol. Innent\u0151l ez egy d\u00f6nt\u00e9si k\u00e9rd\u00e9s. Konkr\u00e9t esetben \u00e9n azt tal\u00e1ltam ki, hogy t\u00f6rl\u00f6m a szit\u00e1zott angol feliratokat, de meghagyom az apr\u00f3bb festett jel\u00f6l\u00e9seket, jeleket.<br \/>\nUgyan ez a helyzet a sisakkal is. Az \u00faj rem\u00e9nyben a sima v\u00e1kuumform\u00e1zott sisak annyira rosszul n\u00e9zett ki, hogy a k\u00f6zeli jelenetekhez k\u00e9sz\u00edtettek egy jobb min\u0151s\u00e9g\u0171 &#8222;hero&#8221; v\u00e1ltozatot a f\u0151szerepl\u0151knek.<\/p>\n<p>\u00dajabb szempont, hogy p\u00e9ld\u00e1ul egy tal\u00e1lkoz\u00f3n \u00f3r\u00e1kon \u00e1t viselt \u00f6lt\u00f6z\u00e9k \u00e9s kieg\u00e9sz\u00edt\u0151i nem lehetnek nehezek. M\u00e1r p\u00e1r dekagramm s\u00faly is jelent\u0151s egy n\u00e9gy, \u00f6t \u00f3r\u00e1n kereszt\u00fcl viselt jelmezn\u00e9l. Gondoljuk el p\u00e9ld\u00e1ul egy \u00f3ri\u00e1si csatafegyverre&#8230;<br \/>\nHa m\u00e1r a hossz\u00fa jelmezvisel\u00e9sr\u0151l besz\u00e9l\u00fcnk \u00e9rdemes megeml\u00edteni a h\u00edrhedten meleg stormtrooper sisakokat. Sokf\u00e9le ventil\u00e1toros megold\u00e1st haszn\u00e1lnak a leveg\u0151 bejuttat\u00e1s\u00e1ra, de a sandtrooperek eset\u00e9ben a gyakorta haszn\u00e1lt \u00e9s a k\u00f6nnycseppekn\u00e9l elhelyezett ventil\u00e1tor sem megold\u00e1s, mivel ebben az esetben nincsenek szell\u0151z\u0151r\u00e1csok. M\u00e1s megold\u00e1sra van sz\u00fcks\u00e9g.<\/p>\n<p>Egysz\u00f3val \u00e1tgondolt kompromisszumokat kell k\u00f6tni a c\u00e9l \u00e9rdek\u00e9ben. Sz\u00e1mtalan apr\u00f3 probl\u00e9ma, ami sok megoldand\u00f3 feladatot jelent. ezek a kih\u00edv\u00e1sok teszik sz\u00e9pp\u00e9 a feladatot. \ud83d\ude42<\/p>\n<p>&nbsp;<\/p>\n","protected":false},"excerpt":{"rendered":"<p>Egy filmh\u0171 props, azaz kell\u00e9k elk\u00e9sz\u00edt\u00e9se nem egyszer\u0171 feladat. Egyr\u00e9szr\u0151l t\u00f6k\u00e9letesen hasonl\u00edtania kell az adott filmen l\u00e1tott eredetihez, mik\u00f6zben azokn\u00e1l t\u00f6bbnyire magasabb min\u0151s\u00e9g\u0171nek kell lennie. A forgat\u00e1sokhoz legt\u00f6bbsz\u00f6r gyenge, \u00f6sszet\u00e1kolt d\u00edszletek \u00e9s kell\u00e9kek k\u00e9sz\u00fclnek. A c\u00e9l min\u00e9l olcs\u00f3bban el\u0151\u00e1ll\u00edtani a p\u00e1r kocka erej\u00e9ig haszn\u00e1lt \u00e9s a forgat\u00e1s ut\u00e1n kidoband\u00f3 d\u00edszletet, eszk\u00f6zt. Ez a c\u00e9l. Mik\u00f6zben &#8230; <a title=\"Kell\u00e9kek\" class=\"read-more\" href=\"https:\/\/sandtrooper.hu\/index.php\/kellekek\/\">Read more<span class=\"screen-reader-text\">Kell\u00e9kek<\/span><\/a><\/p>\n","protected":false},"author":1,"featured_media":0,"parent":0,"menu_order":0,"comment_status":"closed","ping_status":"closed","template":"","meta":{"footnotes":""},"class_list":["post-210","page","type-page","status-publish"],"_links":{"self":[{"href":"https:\/\/sandtrooper.hu\/index.php\/wp-json\/wp\/v2\/pages\/210","targetHints":{"allow":["GET"]}}],"collection":[{"href":"https:\/\/sandtrooper.hu\/index.php\/wp-json\/wp\/v2\/pages"}],"about":[{"href":"https:\/\/sandtrooper.hu\/index.php\/wp-json\/wp\/v2\/types\/page"}],"author":[{"embeddable":true,"href":"https:\/\/sandtrooper.hu\/index.php\/wp-json\/wp\/v2\/users\/1"}],"replies":[{"embeddable":true,"href":"https:\/\/sandtrooper.hu\/index.php\/wp-json\/wp\/v2\/comments?post=210"}],"version-history":[{"count":3,"href":"https:\/\/sandtrooper.hu\/index.php\/wp-json\/wp\/v2\/pages\/210\/revisions"}],"predecessor-version":[{"id":228,"href":"https:\/\/sandtrooper.hu\/index.php\/wp-json\/wp\/v2\/pages\/210\/revisions\/228"}],"wp:attachment":[{"href":"https:\/\/sandtrooper.hu\/index.php\/wp-json\/wp\/v2\/media?parent=210"}],"curies":[{"name":"wp","href":"https:\/\/api.w.org\/{rel}","templated":true}]}}