{"id":645,"date":"2026-03-17T22:10:44","date_gmt":"2026-03-17T21:10:44","guid":{"rendered":"https:\/\/sandtrooper.hu\/?page_id=645"},"modified":"2026-03-17T22:44:55","modified_gmt":"2026-03-17T21:44:55","slug":"sandtrooper-linktree","status":"publish","type":"page","link":"https:\/\/sandtrooper.hu\/index.php\/sandtrooper-linktree\/","title":{"rendered":"Sandtrooper linktree"},"content":{"rendered":"<h2>SANDTROOPER \u00e9s 501st linktree<\/h2>\n<p>&nbsp;<\/p>\n<p><a href=\"https:\/\/sandtrooper.hu\/wp-content\/uploads\/2026\/03\/MEPD.jpg\"><img loading=\"lazy\" decoding=\"async\" class=\"alignleft wp-image-656\" src=\"https:\/\/sandtrooper.hu\/wp-content\/uploads\/2026\/03\/MEPD.jpg\" alt=\"\" width=\"140\" height=\"140\" srcset=\"https:\/\/sandtrooper.hu\/wp-content\/uploads\/2026\/03\/MEPD.jpg 225w, https:\/\/sandtrooper.hu\/wp-content\/uploads\/2026\/03\/MEPD-150x150.jpg 150w\" sizes=\"auto, (max-width: 140px) 100vw, 140px\" \/><\/a><\/p>\n<p>&nbsp;<\/p>\n<h4 style=\"text-align: center;\"><a href=\"https:\/\/sandtrooper.hu\" target=\"_blank\" rel=\"noopener\">A sandtrooper karakter weboldala<\/a><br \/>\ne-mail: sandtrooper (at) adi.hu<\/h4>\n<p>&nbsp;<\/p>\n<p>&nbsp;<\/p>\n<p><a href=\"https:\/\/sandtrooper.hu\/wp-content\/uploads\/2026\/03\/501st.jpg\"><img loading=\"lazy\" decoding=\"async\" class=\"alignleft wp-image-655\" src=\"https:\/\/sandtrooper.hu\/wp-content\/uploads\/2026\/03\/501st.jpg\" alt=\"\" width=\"127\" height=\"127\" srcset=\"https:\/\/sandtrooper.hu\/wp-content\/uploads\/2026\/03\/501st.jpg 300w, https:\/\/sandtrooper.hu\/wp-content\/uploads\/2026\/03\/501st-150x150.jpg 150w\" sizes=\"auto, (max-width: 127px) 100vw, 127px\" \/><\/a><\/p>\n<h4><\/h4>\n<h4 style=\"text-align: center;\"><a href=\"https:\/\/www.501st.com\" target=\"_blank\" rel=\"noopener\">A nemzetk\u00f6zi 501-es l\u00e9gi\u00f3 oldala<\/a><\/h4>\n<h4 style=\"text-align: center;\"><a href=\"http:\/\/www.501eslegio.hu\" target=\"_blank\" rel=\"noopener\">501 L\u00e9gi\u00f3 Magyarorsz\u00e1gi hely\u00f6rs\u00e9g<\/a><\/h4>\n<p>&nbsp;<\/p>\n<p>&nbsp;<\/p>\n<p><a href=\"https:\/\/sandtrooper.hu\/wp-content\/uploads\/2026\/03\/FB.jpg\"><img loading=\"lazy\" decoding=\"async\" class=\"alignleft wp-image-657\" src=\"https:\/\/sandtrooper.hu\/wp-content\/uploads\/2026\/03\/FB.jpg\" alt=\"\" width=\"127\" height=\"127\" \/><\/a><\/p>\n<h4 style=\"text-align: center;\"><a href=\"https:\/\/www.facebook.com\/501stHUG\" target=\"_blank\" rel=\"noopener\">Facebook Magyar 501 L\u00e9gi\u00f3<\/a><\/h4>\n<h4 style=\"text-align: center;\"><a href=\"https:\/\/www.facebook.com\/The501stLegion\" target=\"_blank\" rel=\"noopener\">Facebook Nemzetk\u00f6zi 501 L\u00e9gi\u00f3<\/a><\/h4>\n<h4 style=\"text-align: center;\"><a href=\"https:\/\/www.facebook.com\/TheMEPD\" target=\"_blank\" rel=\"noopener\">Facebook Mos Esley Police Department -k\u00fcl\u00f6n\u00edtm\u00e9ny<\/a><\/h4>\n<p>&nbsp;<\/p>\n<p><a href=\"https:\/\/sandtrooper.hu\/wp-content\/uploads\/2026\/03\/Instagram_logo_2016.svg_.png\"><br \/>\n<img loading=\"lazy\" decoding=\"async\" class=\"wp-image-651 alignleft\" src=\"https:\/\/sandtrooper.hu\/wp-content\/uploads\/2026\/03\/Instagram_logo_2016.svg_.png\" alt=\"\" width=\"124\" height=\"124\" srcset=\"https:\/\/sandtrooper.hu\/wp-content\/uploads\/2026\/03\/Instagram_logo_2016.svg_.png 960w, https:\/\/sandtrooper.hu\/wp-content\/uploads\/2026\/03\/Instagram_logo_2016.svg_-300x300.png 300w, https:\/\/sandtrooper.hu\/wp-content\/uploads\/2026\/03\/Instagram_logo_2016.svg_-150x150.png 150w, https:\/\/sandtrooper.hu\/wp-content\/uploads\/2026\/03\/Instagram_logo_2016.svg_-768x768.png 768w\" sizes=\"auto, (max-width: 124px) 100vw, 124px\" \/><\/a><\/p>\n<h4 style=\"text-align: center;\"><a href=\"https:\/\/www.instagram.com\/501sthug\/\" target=\"_blank\" rel=\"noopener\">Instagram Magyar 501 L\u00e9gi\u00f3<\/a><\/h4>\n<h4 style=\"text-align: center;\"><a href=\"https:\/\/www.instagram.com\/official501st\/\" target=\"_blank\" rel=\"noopener\">Instagram 501 Nemzetk\u00f6zi L\u00e9gi\u00f3<\/a><\/h4>\n<h4 style=\"text-align: center;\"><a href=\"https:\/\/www.instagram.com\/mepd501st\/\" target=\"_blank\" rel=\"noopener\">Instagram Mos Esley Police Department<\/a><\/h4>\n<p>&nbsp;<\/p>\n<p>&nbsp;<\/p>\n","protected":false},"excerpt":{"rendered":"<p>SANDTROOPER \u00e9s 501st linktree &nbsp; &nbsp; A sandtrooper karakter weboldala e-mail: sandtrooper (at) adi.hu &nbsp; &nbsp; A nemzetk\u00f6zi 501-es l\u00e9gi\u00f3 oldala 501 L\u00e9gi\u00f3 Magyarorsz\u00e1gi hely\u00f6rs\u00e9g &nbsp; &nbsp; Facebook Magyar 501 L\u00e9gi\u00f3 Facebook Nemzetk\u00f6zi 501 L\u00e9gi\u00f3 Facebook Mos Esley Police Department -k\u00fcl\u00f6n\u00edtm\u00e9ny &nbsp; Instagram Magyar 501 L\u00e9gi\u00f3 Instagram 501 Nemzetk\u00f6zi L\u00e9gi\u00f3 Instagram Mos Esley Police Department &#8230; <a title=\"Sandtrooper linktree\" class=\"read-more\" href=\"https:\/\/sandtrooper.hu\/index.php\/sandtrooper-linktree\/\">Read more<span class=\"screen-reader-text\">Sandtrooper linktree<\/span><\/a><\/p>\n","protected":false},"author":1,"featured_media":0,"parent":0,"menu_order":0,"comment_status":"closed","ping_status":"closed","template":"","meta":{"footnotes":""},"class_list":["post-645","page","type-page","status-publish"],"_links":{"self":[{"href":"https:\/\/sandtrooper.hu\/index.php\/wp-json\/wp\/v2\/pages\/645","targetHints":{"allow":["GET"]}}],"collection":[{"href":"https:\/\/sandtrooper.hu\/index.php\/wp-json\/wp\/v2\/pages"}],"about":[{"href":"https:\/\/sandtrooper.hu\/index.php\/wp-json\/wp\/v2\/types\/page"}],"author":[{"embeddable":true,"href":"https:\/\/sandtrooper.hu\/index.php\/wp-json\/wp\/v2\/users\/1"}],"replies":[{"embeddable":true,"href":"https:\/\/sandtrooper.hu\/index.php\/wp-json\/wp\/v2\/comments?post=645"}],"version-history":[{"count":13,"href":"https:\/\/sandtrooper.hu\/index.php\/wp-json\/wp\/v2\/pages\/645\/revisions"}],"predecessor-version":[{"id":671,"href":"https:\/\/sandtrooper.hu\/index.php\/wp-json\/wp\/v2\/pages\/645\/revisions\/671"}],"wp:attachment":[{"href":"https:\/\/sandtrooper.hu\/index.php\/wp-json\/wp\/v2\/media?parent=645"}],"curies":[{"name":"wp","href":"https:\/\/api.w.org\/{rel}","templated":true}]}}