{"id":8,"date":"2017-11-28T01:35:08","date_gmt":"2017-11-28T01:35:08","guid":{"rendered":"http:\/\/sandtrooper.hu\/?page_id=8"},"modified":"2021-02-16T23:37:02","modified_gmt":"2021-02-16T22:37:02","slug":"vert","status":"publish","type":"page","link":"https:\/\/sandtrooper.hu\/index.php\/vert\/","title":{"rendered":"A v\u00e9rt"},"content":{"rendered":"<p>A v\u00e9rt, azaz a p\u00e1nc\u00e9l a Sandtrooperekn\u00e9l egy m\u00f3dos\u00edtott hagyom\u00e1nyos Stormtrooper egy picit (nyil\u00e1n a sivatagi ig\u00e9nyekhez) m\u00f3dos\u00edtott verzi\u00f3ja. Teh\u00e1t egy &#8222;sima&#8221; rohamosztagos p\u00e1nc\u00e9l nem azonos a sandtrooperek \u00e1ltal viselt p\u00e1nc\u00e9llal. A f\u0151bb elt\u00e9r\u00e9sek, a v\u00e1llp\u00e1nt, a t\u00e9rdv\u00e9d\u0151, a hasp\u00e1nc\u00e9l k\u00f6zepe, \u00e9s m\u00e9g p\u00e1r apr\u00f3bb elt\u00e9r\u00e9s. (http:\/\/tk1336.com\/tdvtk.html)<br \/>\nAz 501-es l\u00e9gi\u00f3 k\u00f6vetelm\u00e9nyei Magyarul is <a href=\"https:\/\/databank.501st.com\/databank\/Costuming:TK_anh_stunt_hu\">olvashat\u00f3ak<\/a>. Ez a verzi\u00f3 a Stunt azaz a kaszkad\u0151r verzi\u00f3, amit az \u00daj rem\u00e9nyben haszn\u00e1ltak. Egy r\u00e9szletes angol le\u00edr\u00e1st <a href=\"http:\/\/www.tonybarnett.plus.com\/anhref.html\" target=\"_blank\" rel=\"noopener noreferrer\">itt el\u00e9rhet\u0151<\/a>. Ugyan ebben a r\u00e9szben k\u00e9sz\u00edtettek a &#8222;f\u0151h\u0151s\u00f6knek&#8221; a k\u00f6zeli felv\u00e9telek miatt, egy Hero azaz h\u0151s verzi\u00f3t is. Ezek az alapt\u00edpust\u00f3l j\u00f3val jobb min\u0151s\u00e9g\u0171ek voltak, mivel a k\u00f6zeli kamerafelv\u00e9teleken nem szabadott l\u00e1tszania milyen sil\u00e1ny min\u0151s\u00e9g\u0171 \u00e9s \u00f6sszeszerel\u00e9s\u0171 volt a h\u00edres feh\u00e9r jelmez. Legjellemz\u0151bb k\u00fcl\u00f6nbs\u00e9g, hogy a &#8222;h\u0151s&#8221; verzi\u00f3nak a szem\u00f6ld\u00f6k cs\u00edk szinte r\u00e1\u00fcl a szemlencs\u00e9kre. Egy\u00e9bk\u00e9nt minden filmben kicsit m\u00e1shogy n\u00e9zett ki a sisak.<\/p>\n<p><em>Az al\u00e1bbi k\u00e9peken a IV r\u00e9sz (stunt \u00e9s hero), az V. \u00e9s VI. r\u00e9sz sisakjai l\u00e1that\u00f3ak \u00e9s egy\u00a0<a href=\"http:\/\/www.starwarshelmets.com\/original-stormtrooper-comparisons.htm\">r\u00e9szletesebb le\u00edr\u00e1s<\/a>\u00a0az elt\u00e9r\u00e9sekr\u0151l.<\/em><\/p>\n<p style=\"text-align: center;\"><img loading=\"lazy\" decoding=\"async\" class=\"alignnone wp-image-62\" src=\"https:\/\/sandtrooper.hu\/wp-content\/uploads\/2017\/12\/Screen-Shot-2016-12-28-at-21.47.42-300x161.png\" alt=\"\" width=\"683\" height=\"367\" srcset=\"https:\/\/sandtrooper.hu\/wp-content\/uploads\/2017\/12\/Screen-Shot-2016-12-28-at-21.47.42-300x161.png 300w, https:\/\/sandtrooper.hu\/wp-content\/uploads\/2017\/12\/Screen-Shot-2016-12-28-at-21.47.42-768x411.png 768w, https:\/\/sandtrooper.hu\/wp-content\/uploads\/2017\/12\/Screen-Shot-2016-12-28-at-21.47.42-1024x548.png 1024w, https:\/\/sandtrooper.hu\/wp-content\/uploads\/2017\/12\/Screen-Shot-2016-12-28-at-21.47.42.png 1615w\" sizes=\"auto, (max-width: 683px) 100vw, 683px\" \/><br \/>\n<em>Bal sz\u00e9l\u00e9n a kaszkad\u0151r, mellette a h\u0151s sisak a IV. r\u00e9szb\u0151l, k\u00f6z\u00e9pen a Birodalom visszav\u00e1g, majd a Jedi visszat\u00e9r sisak.<\/em><\/p>\n<p>A k\u00e9sz\u00edt\u00e9sr\u0151l, az eredetileg megb\u00edzott Andrew Ainsworth angol v\u00e1kuumform\u00e1z\u00f3 kisiparos oldal\u00e1n <a href=\"https:\/\/www.originalstormtrooper.com\/our-story-19-w.asp\">tal\u00e1lhat\u00f3 vide\u00f3n\u00a0<\/a>megfigyelhet\u0151 a gy\u00e1rt\u00e1s folyamata.<\/p>\n<p>T\u00e9rj\u00fcnk vissza a Sandtrooper karakterhez.<br \/>\nAz els\u0151 felindul\u00e1somban egy sisak beszerz\u00e9se volt a c\u00e9l. Ezt egy Magyar sr\u00e1ct\u00f3l (D.K.) szereztem be, aki szint\u00e9n nagy rajong\u00f3 \u00e9s az \u0151 \u00e1ltala k\u00e9sz\u00edtett sisakok nem csak nagyon j\u00f3 form\u00e1j\u00faak, de nagyon j\u00f3 a min\u0151s\u00e9g\u0171ek is. Ez k\u00e9pezi alapj\u00e1t a projektnek. \ud83d\ude42<br \/>\nA karakterhez felhaszn\u00e1lt sisak eredetileg egy &#8222;stunt&#8221; (pl. magasabban van a homlokcs\u00edk a szemhez k\u00e9pest), de az \u00e9n sisakom egy &#8222;komolyabb&#8221; hero t\u00edpus. A hetvenes \u00e9vekben a v\u00e1kuumform\u00e1z\u00e1shoz m\u00e9g ABS-t haszn\u00e1ltak, ut\u00f3lagos fest\u00e9ssel, de manaps\u00e1g a jobb min\u0151s\u00e9g\u0171 HIPS (\u00fct\u00e9s\u00e1ll\u00f3 polisztirol) ami el\u00e9rhet\u0151. -Ez adott.<br \/>\nMivel a jellegzetes sandtrooper sisak egy picit m\u00e1s (gondolom az elk\u00e9pzel\u00e9s szerint p\u00e1r dologban m\u00f3dosult a sivatagi k\u00f6rnyezetnek megfelel\u0151en), a sisakot p\u00e1r helyen a c\u00e9ljaimnak megfelel\u0151en m\u00f3dos\u00edtottam. A szemlencs\u00e9k egy r\u00e9gi z\u00f6ld reflektorf\u00f3li\u00e1b\u00f3l sz\u00e1rmaz\u00f3 form\u00e1ra v\u00e1gott darabbal lettek helyettes\u00edtve, k\u00f6vetelm\u00e9nynek megfelel\u0151en. A norm\u00e1l sisakkal ellent\u00e9tben a sz\u00fcrk\u00e9sk\u00e9k trap\u00e9z alak\u00fa r\u00e9szeken (k\u00f6nnycseppek \u00e9s h\u00e1ts\u00f3 szell\u0151z\u0151k) nincsenek fekete vonalak, nyilv\u00e1n ez a szell\u0151z\u00e9si megold\u00e1s nem el\u0151ny\u00f6s egy homoksivatagban. \ud83d\ude42<br \/>\nA szemv\u00e9d\u0151k s\u00f6t\u00e9tz\u00f6ld sz\u00edn\u0171ek, a f\u00fclr\u00e9sz h\u00e1rom csavarral r\u00f6gz\u00fcl a sisakra (a sisak alj\u00e1n, a sz\u00fcrke r\u00e9sz alatt \u00e9s felett).<br \/>\nA sisak fest\u00e9s\u00e9hez az eredeti Humbrol fest\u00e9kekb\u0151l rendelt sz\u00ednek alapj\u00e1n, fot\u00f3spektrom\u00e9terrel (sz\u00ednmeghat\u00e1roz\u00f3 k\u00e9zi-k\u00e9sz\u00fcl\u00e9k) sz\u00edn\u00f6sszetev\u0151kre (<a href=\"https:\/\/hu.wikipedia.org\/wiki\/CMYK_sz%C3%ADnt\u00e9r\" target=\"_blank\" rel=\"noopener noreferrer\">CMYK<\/a>\u00a0vagy <a href=\"http:\/\/centroszet.hu\/tananyag\/multimedia\/129_lab_sznmodell.html\" target=\"_blank\" rel=\"noopener noreferrer\">L*a b<\/a>), bontott sz\u00edneket haszn\u00e1ltam, a digit\u00e1lisan tervezett \u00e9s nyomtatott matric\u00e1khoz.<br \/>\nA Humbrol 5 (dark admiral gray) sz\u00edn: C:62, M:42, Y:43, K:4 \u00a0vagy L:50.5, a:-6.5, b:-3.6<br \/>\na Humbrol 14 (french blue gloss) sz\u00edn: C:90, M:62, Y:9, K:0 \u00a0 \u00a0vagy L:36.6, a:2.9, b:-39<\/p>\n<p>Term\u00e9szetesen l\u00e1tszik rajta a csat\u00e1k \u00e9s a homokviharok nyoma teh\u00e1t a &#8222;viseletess\u00e9g&#8221;<\/p>\n<p><img loading=\"lazy\" decoding=\"async\" class=\"aligncenter size-full wp-image-97\" src=\"https:\/\/sandtrooper.hu\/wp-content\/uploads\/2017\/12\/002_01.jpg\" alt=\"sandtrooper helmet\" width=\"640\" height=\"480\" srcset=\"https:\/\/sandtrooper.hu\/wp-content\/uploads\/2017\/12\/002_01.jpg 640w, https:\/\/sandtrooper.hu\/wp-content\/uploads\/2017\/12\/002_01-300x225.jpg 300w\" sizes=\"auto, (max-width: 640px) 100vw, 640px\" \/><\/p>\n<figure id=\"attachment_99\" aria-describedby=\"caption-attachment-99\" style=\"width: 727px\" class=\"wp-caption aligncenter\"><img loading=\"lazy\" decoding=\"async\" class=\"size-full wp-image-99\" src=\"https:\/\/sandtrooper.hu\/wp-content\/uploads\/2017\/12\/ANHstunt_2005_zps9kbbblzy.jpg\" alt=\"\" width=\"737\" height=\"805\" srcset=\"https:\/\/sandtrooper.hu\/wp-content\/uploads\/2017\/12\/ANHstunt_2005_zps9kbbblzy.jpg 737w, https:\/\/sandtrooper.hu\/wp-content\/uploads\/2017\/12\/ANHstunt_2005_zps9kbbblzy-275x300.jpg 275w\" sizes=\"auto, (max-width: 737px) 100vw, 737px\" \/><figcaption id=\"caption-attachment-99\" class=\"wp-caption-text\"><em>Egy eredeti sisak oldalr\u00f3l.<\/em><\/figcaption><\/figure>\n<p><a href=\"http:\/\/www.looksirdroids.com\/replica_sand-storm.htm\">forr\u00e1s<\/a><\/p>\n<p>A testp\u00e1nc\u00e9lon is van p\u00e1r v\u00e1ltoztat\u00e1s:<br \/>\nA v\u00e1llp\u00e1nt sz\u00fcks\u00e9gtelen, mert a v\u00e1llv\u00e9d\u0151 \u00e9s a t\u00f6lt\u00e9nyt\u00e1r miatt \u00fagy sem l\u00e1tszik (a filmes kell\u00e9ken sem volt).<br \/>\nA bal t\u00e9rden lev\u0151 v\u00e9d\u0151lemez keretez\u00e9se teljes hatsz\u00f6g.<br \/>\nA hasp\u00e1nc\u00e9l gombos panelja elt\u0171nt, egy sima keretes forma v\u00e1ltotta fel.<\/p>\n<figure id=\"attachment_77\" aria-describedby=\"caption-attachment-77\" style=\"width: 790px\" class=\"wp-caption aligncenter\"><a href=\"https:\/\/sandtrooper.hu\/wp-content\/uploads\/2017\/12\/sandtroopers-1.jpg\"><img loading=\"lazy\" decoding=\"async\" class=\"wp-image-77 size-full\" src=\"https:\/\/sandtrooper.hu\/wp-content\/uploads\/2017\/12\/sandtroopers-1.jpg\" alt=\"\" width=\"800\" height=\"596\" srcset=\"https:\/\/sandtrooper.hu\/wp-content\/uploads\/2017\/12\/sandtroopers-1.jpg 800w, https:\/\/sandtrooper.hu\/wp-content\/uploads\/2017\/12\/sandtroopers-1-300x224.jpg 300w, https:\/\/sandtrooper.hu\/wp-content\/uploads\/2017\/12\/sandtroopers-1-768x572.jpg 768w\" sizes=\"auto, (max-width: 800px) 100vw, 800px\" \/><\/a><figcaption id=\"caption-attachment-77\" class=\"wp-caption-text\"><em>Eredeti k\u00e9p a forgat\u00e1sr\u00f3l.<\/em><\/figcaption><\/figure>\n<p><span style=\"border-top-left-radius: 2px; border-top-right-radius: 2px; border-bottom-right-radius: 2px; border-bottom-left-radius: 2px; text-indent: 20px; width: auto; padding: 0px 4px 0px 0px; text-align: center; font-style: normal; font-variant-caps: normal; font-weight: bold; font-size: 11px; line-height: 20px; font-family: 'Helvetica Neue', Helvetica, sans-serif; color: #ffffff; background-image: url(data:image\/svg+xml; base64,phn2zyb4bwxucz0iahr0cdovl3d3dy53my5vcmcvmjawmc9zdmciighlawdodd0imzbwecigd2lkdgg9ijmwchgiihzpzxdcb3g9ii0xic0xidmxidmxij48zz48cgf0acbkpsjnmjkundq5lde0ljy2mibdmjkundq5ldiyljcymiaymi44njgsmjkumju2ide0ljc1ldi5lji1nibdni42mzismjkumju2idaumduxldiyljcymiawlja1mswxnc42njigqzaumduxldyunjaxidyunjmyldaumdy3ide0ljc1ldaumdy3iemymi44njgsmc4wnjcgmjkundq5ldyunjaxidi5ljq0oswxnc42njiiigzpbgw9iinmzmyiihn0cm9rzt0ii2zmziigc3ryb2tllxdpzhropsixij48l3bhdgg+phbhdgggzd0itte0ljczmywxljy4nibdny41mtysms42odygms42njusny40otugms42njusmtqunjyyiemxljy2nswymc4xntkgns4xmdksmjquodu0idkuotcsmjyunzq0iem5ljg1niwyns43mtggos43ntmsmjqumtqzidewljaxniwymy4wmjigqzewlji1mywymi4wmsaxms41ndgsmtyuntcyidexlju0ocwxni41nzigqzexlju0ocwxni41nzigmteumtu3lde1ljc5nsaxms4xntcsmtqunjq2iemxms4xntcsmtiuodqyideyljixmswxms40otugmtmuntiyldexljq5nsbdmtqunjm3ldexljq5nsaxns4xnzusmtiumzi2ide1lje3nswxmy4zmjmgqze1lje3nswxnc40mzygmtqundyylde2ljegmtqumdkzlde3ljy0mybdmtmunzg1lde4ljkznsaxnc43ndusmtkuotg4ide2ljayocwxos45odggqze4ljm1mswxos45odggmjaumtm2lde3lju1niaymc4xmzysmtqumdq2iemymc4xmzysmtauotm5ide3ljg4ocw4ljc2nyaxnc42nzgsoc43njcgqzewljk1osw4ljc2nya4ljc3nywxms41mzygoc43nzcsmtqumzk4iem4ljc3nywxns41mtmgos4ymswxni43mdkgos43ndksmtcumzu5iem5ljg1niwxny40odggos44nzismtcunia5ljg0lde3ljczmsbdos43ndesmtgumtqxidkuntismtkumdizidkundc3lde5ljiwmybdos40miwxos40nca5lji4ocwxos40otegos4wncwxos4znzygqzcunda4lde4ljyymia2ljm4nywxni4yntigni4zodcsmtqumzq5iem2ljm4nywxmc4yntygos4zodmsni40otcgmtuumdiyldyundk3iemxos41ntusni40otcgmjmumdc4ldkunza1idizlja3ocwxmy45otegqzizlja3ocwxoc40njmgmjaumjm5ldiylja2miaxni4yotcsmjiumdyyiemxnc45nzmsmjiumdyyidezljcyocwyms4znzkgmtmumzayldiwlju3mibdmtmumzayldiwlju3miaxmi42ndcsmjmumdugmtiundg4ldizljy1nybdmtiumtkzldi0ljc4ncaxms4zotysmjyumtk2idewljg2mywyny4wntggqzeylja4niwyny40mzqgmtmumzg2ldi3ljyznyaxnc43mzmsmjcunjm3iemyms45nswyny42mzcgmjcuodaxldixljgyocayny44mdesmtqunjyyiemyny44mdesny40otugmjeuotusms42odygmtqunzmzldeunjg2iibmawxspsijymqwodfjij48l3bhdgg+pc9npjwvc3znpg==); background-color: #bd081c; background-size: 14px; position: absolute; opacity: 1; z-index: 8675309; display: none; cursor: pointer; border: none; -webkit-font-smoothing: antialiased; top: 284px; left: 36px; background-position: 3px 50%; background-repeat: no-repeat no-repeat;\">Ment\u00e9s<\/span><span style=\"border-top-left-radius: 2px; border-top-right-radius: 2px; border-bottom-right-radius: 2px; border-bottom-left-radius: 2px; text-indent: 20px; width: auto; padding: 0px 4px 0px 0px; text-align: center; font-style: normal; font-variant-caps: normal; font-weight: bold; font-size: 11px; line-height: 20px; font-family: 'Helvetica Neue', Helvetica, sans-serif; color: #ffffff; background-image: url(data:image\/svg+xml; base64,phn2zyb4bwxucz0iahr0cdovl3d3dy53my5vcmcvmjawmc9zdmciighlawdodd0imzbwecigd2lkdgg9ijmwchgiihzpzxdcb3g9ii0xic0xidmxidmxij48zz48cgf0acbkpsjnmjkundq5lde0ljy2mibdmjkundq5ldiyljcymiaymi44njgsmjkumju2ide0ljc1ldi5lji1nibdni42mzismjkumju2idaumduxldiyljcymiawlja1mswxnc42njigqzaumduxldyunjaxidyunjmyldaumdy3ide0ljc1ldaumdy3iemymi44njgsmc4wnjcgmjkundq5ldyunjaxidi5ljq0oswxnc42njiiigzpbgw9iinmzmyiihn0cm9rzt0ii2zmziigc3ryb2tllxdpzhropsixij48l3bhdgg+phbhdgggzd0itte0ljczmywxljy4nibdny41mtysms42odygms42njusny40otugms42njusmtqunjyyiemxljy2nswymc4xntkgns4xmdksmjquodu0idkuotcsmjyunzq0iem5ljg1niwyns43mtggos43ntmsmjqumtqzidewljaxniwymy4wmjigqzewlji1mywymi4wmsaxms41ndgsmtyuntcyidexlju0ocwxni41nzigqzexlju0ocwxni41nzigmteumtu3lde1ljc5nsaxms4xntcsmtqunjq2iemxms4xntcsmtiuodqyideyljixmswxms40otugmtmuntiyldexljq5nsbdmtqunjm3ldexljq5nsaxns4xnzusmtiumzi2ide1lje3nswxmy4zmjmgqze1lje3nswxnc40mzygmtqundyylde2ljegmtqumdkzlde3ljy0mybdmtmunzg1lde4ljkznsaxnc43ndusmtkuotg4ide2ljayocwxos45odggqze4ljm1mswxos45odggmjaumtm2lde3lju1niaymc4xmzysmtqumdq2iemymc4xmzysmtauotm5ide3ljg4ocw4ljc2nyaxnc42nzgsoc43njcgqzewljk1osw4ljc2nya4ljc3nywxms41mzygoc43nzcsmtqumzk4iem4ljc3nywxns41mtmgos4ymswxni43mdkgos43ndksmtcumzu5iem5ljg1niwxny40odggos44nzismtcunia5ljg0lde3ljczmsbdos43ndesmtgumtqxidkuntismtkumdizidkundc3lde5ljiwmybdos40miwxos40nca5lji4ocwxos40otegos4wncwxos4znzygqzcunda4lde4ljyymia2ljm4nywxni4yntigni4zodcsmtqumzq5iem2ljm4nywxmc4yntygos4zodmsni40otcgmtuumdiyldyundk3iemxos41ntusni40otcgmjmumdc4ldkunza1idizlja3ocwxmy45otegqzizlja3ocwxoc40njmgmjaumjm5ldiylja2miaxni4yotcsmjiumdyyiemxnc45nzmsmjiumdyyidezljcyocwyms4znzkgmtmumzayldiwlju3mibdmtmumzayldiwlju3miaxmi42ndcsmjmumdugmtiundg4ldizljy1nybdmtiumtkzldi0ljc4ncaxms4zotysmjyumtk2idewljg2mywyny4wntggqzeylja4niwyny40mzqgmtmumzg2ldi3ljyznyaxnc43mzmsmjcunjm3iemyms45nswyny42mzcgmjcuodaxldixljgyocayny44mdesmtqunjyyiemyny44mdesny40otugmjeuotusms42odygmtqunzmzldeunjg2iibmawxspsijymqwodfjij48l3bhdgg+pc9npjwvc3znpg==); background-color: #bd081c; background-size: 14px; position: absolute; opacity: 1; z-index: 8675309; display: none; cursor: pointer; border: none; -webkit-font-smoothing: antialiased; top: 284px; left: 36px; background-position: 3px 50%; background-repeat: no-repeat no-repeat;\">Ment\u00e9s<\/span><\/p>\n<p><span style=\"border-top-left-radius: 2px; border-top-right-radius: 2px; border-bottom-right-radius: 2px; border-bottom-left-radius: 2px; text-indent: 20px; width: auto; padding: 0px 4px 0px 0px; text-align: center; font-style: normal; font-variant-caps: normal; font-weight: bold; font-size: 11px; line-height: 20px; font-family: 'Helvetica Neue', Helvetica, sans-serif; color: #ffffff; background-image: url(data:image\/svg+xml; base64,phn2zyb4bwxucz0iahr0cdovl3d3dy53my5vcmcvmjawmc9zdmciighlawdodd0imzbwecigd2lkdgg9ijmwchgiihzpzxdcb3g9ii0xic0xidmxidmxij48zz48cgf0acbkpsjnmjkundq5lde0ljy2mibdmjkundq5ldiyljcymiaymi44njgsmjkumju2ide0ljc1ldi5lji1nibdni42mzismjkumju2idaumduxldiyljcymiawlja1mswxnc42njigqzaumduxldyunjaxidyunjmyldaumdy3ide0ljc1ldaumdy3iemymi44njgsmc4wnjcgmjkundq5ldyunjaxidi5ljq0oswxnc42njiiigzpbgw9iinmzmyiihn0cm9rzt0ii2zmziigc3ryb2tllxdpzhropsixij48l3bhdgg+phbhdgggzd0itte0ljczmywxljy4nibdny41mtysms42odygms42njusny40otugms42njusmtqunjyyiemxljy2nswymc4xntkgns4xmdksmjquodu0idkuotcsmjyunzq0iem5ljg1niwyns43mtggos43ntmsmjqumtqzidewljaxniwymy4wmjigqzewlji1mywymi4wmsaxms41ndgsmtyuntcyidexlju0ocwxni41nzigqzexlju0ocwxni41nzigmteumtu3lde1ljc5nsaxms4xntcsmtqunjq2iemxms4xntcsmtiuodqyideyljixmswxms40otugmtmuntiyldexljq5nsbdmtqunjm3ldexljq5nsaxns4xnzusmtiumzi2ide1lje3nswxmy4zmjmgqze1lje3nswxnc40mzygmtqundyylde2ljegmtqumdkzlde3ljy0mybdmtmunzg1lde4ljkznsaxnc43ndusmtkuotg4ide2ljayocwxos45odggqze4ljm1mswxos45odggmjaumtm2lde3lju1niaymc4xmzysmtqumdq2iemymc4xmzysmtauotm5ide3ljg4ocw4ljc2nyaxnc42nzgsoc43njcgqzewljk1osw4ljc2nya4ljc3nywxms41mzygoc43nzcsmtqumzk4iem4ljc3nywxns41mtmgos4ymswxni43mdkgos43ndksmtcumzu5iem5ljg1niwxny40odggos44nzismtcunia5ljg0lde3ljczmsbdos43ndesmtgumtqxidkuntismtkumdizidkundc3lde5ljiwmybdos40miwxos40nca5lji4ocwxos40otegos4wncwxos4znzygqzcunda4lde4ljyymia2ljm4nywxni4yntigni4zodcsmtqumzq5iem2ljm4nywxmc4yntygos4zodmsni40otcgmtuumdiyldyundk3iemxos41ntusni40otcgmjmumdc4ldkunza1idizlja3ocwxmy45otegqzizlja3ocwxoc40njmgmjaumjm5ldiylja2miaxni4yotcsmjiumdyyiemxnc45nzmsmjiumdyyidezljcyocwyms4znzkgmtmumzayldiwlju3mibdmtmumzayldiwlju3miaxmi42ndcsmjmumdugmtiundg4ldizljy1nybdmtiumtkzldi0ljc4ncaxms4zotysmjyumtk2idewljg2mywyny4wntggqzeylja4niwyny40mzqgmtmumzg2ldi3ljyznyaxnc43mzmsmjcunjm3iemyms45nswyny42mzcgmjcuodaxldixljgyocayny44mdesmtqunjyyiemyny44mdesny40otugmjeuotusms42odygmtqunzmzldeunjg2iibmawxspsijymqwodfjij48l3bhdgg+pc9npjwvc3znpg==); background-color: #bd081c; background-size: 14px; position: absolute; opacity: 1; z-index: 8675309; display: none; cursor: pointer; border: none; -webkit-font-smoothing: antialiased; background-position: 3px 50%; background-repeat: no-repeat no-repeat;\">Ment\u00e9s<\/span><span style=\"border-top-left-radius: 2px; border-top-right-radius: 2px; border-bottom-right-radius: 2px; border-bottom-left-radius: 2px; text-indent: 20px; width: auto; padding: 0px 4px 0px 0px; text-align: center; font-style: normal; font-variant-caps: normal; font-weight: bold; font-size: 11px; line-height: 20px; font-family: 'Helvetica Neue', Helvetica, sans-serif; color: #ffffff; background-image: url(data:image\/svg+xml; base64,phn2zyb4bwxucz0iahr0cdovl3d3dy53my5vcmcvmjawmc9zdmciighlawdodd0imzbwecigd2lkdgg9ijmwchgiihzpzxdcb3g9ii0xic0xidmxidmxij48zz48cgf0acbkpsjnmjkundq5lde0ljy2mibdmjkundq5ldiyljcymiaymi44njgsmjkumju2ide0ljc1ldi5lji1nibdni42mzismjkumju2idaumduxldiyljcymiawlja1mswxnc42njigqzaumduxldyunjaxidyunjmyldaumdy3ide0ljc1ldaumdy3iemymi44njgsmc4wnjcgmjkundq5ldyunjaxidi5ljq0oswxnc42njiiigzpbgw9iinmzmyiihn0cm9rzt0ii2zmziigc3ryb2tllxdpzhropsixij48l3bhdgg+phbhdgggzd0itte0ljczmywxljy4nibdny41mtysms42odygms42njusny40otugms42njusmtqunjyyiemxljy2nswymc4xntkgns4xmdksmjquodu0idkuotcsmjyunzq0iem5ljg1niwyns43mtggos43ntmsmjqumtqzidewljaxniwymy4wmjigqzewlji1mywymi4wmsaxms41ndgsmtyuntcyidexlju0ocwxni41nzigqzexlju0ocwxni41nzigmteumtu3lde1ljc5nsaxms4xntcsmtqunjq2iemxms4xntcsmtiuodqyideyljixmswxms40otugmtmuntiyldexljq5nsbdmtqunjm3ldexljq5nsaxns4xnzusmtiumzi2ide1lje3nswxmy4zmjmgqze1lje3nswxnc40mzygmtqundyylde2ljegmtqumdkzlde3ljy0mybdmtmunzg1lde4ljkznsaxnc43ndusmtkuotg4ide2ljayocwxos45odggqze4ljm1mswxos45odggmjaumtm2lde3lju1niaymc4xmzysmtqumdq2iemymc4xmzysmtauotm5ide3ljg4ocw4ljc2nyaxnc42nzgsoc43njcgqzewljk1osw4ljc2nya4ljc3nywxms41mzygoc43nzcsmtqumzk4iem4ljc3nywxns41mtmgos4ymswxni43mdkgos43ndksmtcumzu5iem5ljg1niwxny40odggos44nzismtcunia5ljg0lde3ljczmsbdos43ndesmtgumtqxidkuntismtkumdizidkundc3lde5ljiwmybdos40miwxos40nca5lji4ocwxos40otegos4wncwxos4znzygqzcunda4lde4ljyymia2ljm4nywxni4yntigni4zodcsmtqumzq5iem2ljm4nywxmc4yntygos4zodmsni40otcgmtuumdiyldyundk3iemxos41ntusni40otcgmjmumdc4ldkunza1idizlja3ocwxmy45otegqzizlja3ocwxoc40njmgmjaumjm5ldiylja2miaxni4yotcsmjiumdyyiemxnc45nzmsmjiumdyyidezljcyocwyms4znzkgmtmumzayldiwlju3mibdmtmumzayldiwlju3miaxmi42ndcsmjmumdugmtiundg4ldizljy1nybdmtiumtkzldi0ljc4ncaxms4zotysmjyumtk2idewljg2mywyny4wntggqzeylja4niwyny40mzqgmtmumzg2ldi3ljyznyaxnc43mzmsmjcunjm3iemyms45nswyny42mzcgmjcuodaxldixljgyocayny44mdesmtqunjyyiemyny44mdesny40otugmjeuotusms42odygmtqunzmzldeunjg2iibmawxspsijymqwodfjij48l3bhdgg+pc9npjwvc3znpg==); background-color: #bd081c; background-size: 14px; position: absolute; opacity: 1; z-index: 8675309; display: none; cursor: pointer; border: none; -webkit-font-smoothing: antialiased; background-position: 3px 50%; background-repeat: no-repeat no-repeat;\">Ment\u00e9s<\/span><\/p>\n<p><span style=\"border-top-left-radius: 2px; border-top-right-radius: 2px; border-bottom-right-radius: 2px; border-bottom-left-radius: 2px; text-indent: 20px; width: auto; padding: 0px 4px 0px 0px; text-align: center; font-style: normal; font-variant-caps: normal; font-weight: bold; font-size: 11px; line-height: 20px; font-family: 'Helvetica Neue', Helvetica, sans-serif; color: #ffffff; background-image: url(data:image\/svg+xml; base64,phn2zyb4bwxucz0iahr0cdovl3d3dy53my5vcmcvmjawmc9zdmciighlawdodd0imzbwecigd2lkdgg9ijmwchgiihzpzxdcb3g9ii0xic0xidmxidmxij48zz48cgf0acbkpsjnmjkundq5lde0ljy2mibdmjkundq5ldiyljcymiaymi44njgsmjkumju2ide0ljc1ldi5lji1nibdni42mzismjkumju2idaumduxldiyljcymiawlja1mswxnc42njigqzaumduxldyunjaxidyunjmyldaumdy3ide0ljc1ldaumdy3iemymi44njgsmc4wnjcgmjkundq5ldyunjaxidi5ljq0oswxnc42njiiigzpbgw9iinmzmyiihn0cm9rzt0ii2zmziigc3ryb2tllxdpzhropsixij48l3bhdgg+phbhdgggzd0itte0ljczmywxljy4nibdny41mtysms42odygms42njusny40otugms42njusmtqunjyyiemxljy2nswymc4xntkgns4xmdksmjquodu0idkuotcsmjyunzq0iem5ljg1niwyns43mtggos43ntmsmjqumtqzidewljaxniwymy4wmjigqzewlji1mywymi4wmsaxms41ndgsmtyuntcyidexlju0ocwxni41nzigqzexlju0ocwxni41nzigmteumtu3lde1ljc5nsaxms4xntcsmtqunjq2iemxms4xntcsmtiuodqyideyljixmswxms40otugmtmuntiyldexljq5nsbdmtqunjm3ldexljq5nsaxns4xnzusmtiumzi2ide1lje3nswxmy4zmjmgqze1lje3nswxnc40mzygmtqundyylde2ljegmtqumdkzlde3ljy0mybdmtmunzg1lde4ljkznsaxnc43ndusmtkuotg4ide2ljayocwxos45odggqze4ljm1mswxos45odggmjaumtm2lde3lju1niaymc4xmzysmtqumdq2iemymc4xmzysmtauotm5ide3ljg4ocw4ljc2nyaxnc42nzgsoc43njcgqzewljk1osw4ljc2nya4ljc3nywxms41mzygoc43nzcsmtqumzk4iem4ljc3nywxns41mtmgos4ymswxni43mdkgos43ndksmtcumzu5iem5ljg1niwxny40odggos44nzismtcunia5ljg0lde3ljczmsbdos43ndesmtgumtqxidkuntismtkumdizidkundc3lde5ljiwmybdos40miwxos40nca5lji4ocwxos40otegos4wncwxos4znzygqzcunda4lde4ljyymia2ljm4nywxni4yntigni4zodcsmtqumzq5iem2ljm4nywxmc4yntygos4zodmsni40otcgmtuumdiyldyundk3iemxos41ntusni40otcgmjmumdc4ldkunza1idizlja3ocwxmy45otegqzizlja3ocwxoc40njmgmjaumjm5ldiylja2miaxni4yotcsmjiumdyyiemxnc45nzmsmjiumdyyidezljcyocwyms4znzkgmtmumzayldiwlju3mibdmtmumzayldiwlju3miaxmi42ndcsmjmumdugmtiundg4ldizljy1nybdmtiumtkzldi0ljc4ncaxms4zotysmjyumtk2idewljg2mywyny4wntggqzeylja4niwyny40mzqgmtmumzg2ldi3ljyznyaxnc43mzmsmjcunjm3iemyms45nswyny42mzcgmjcuodaxldixljgyocayny44mdesmtqunjyyiemyny44mdesny40otugmjeuotusms42odygmtqunzmzldeunjg2iibmawxspsijymqwodfjij48l3bhdgg+pc9npjwvc3znpg==); background-color: #bd081c; background-size: 14px; position: absolute; opacity: 1; z-index: 8675309; display: none; cursor: pointer; border: none; -webkit-font-smoothing: antialiased; top: 1050px; left: 228px; background-position: 3px 50%; background-repeat: no-repeat no-repeat;\">Ment\u00e9s<\/span><span style=\"border-top-left-radius: 2px; border-top-right-radius: 2px; border-bottom-right-radius: 2px; border-bottom-left-radius: 2px; text-indent: 20px; width: auto; padding: 0px 4px 0px 0px; text-align: center; font-style: normal; font-variant-caps: normal; font-weight: bold; font-size: 11px; line-height: 20px; font-family: 'Helvetica Neue', Helvetica, sans-serif; color: #ffffff; background-image: url(data:image\/svg+xml; base64,phn2zyb4bwxucz0iahr0cdovl3d3dy53my5vcmcvmjawmc9zdmciighlawdodd0imzbwecigd2lkdgg9ijmwchgiihzpzxdcb3g9ii0xic0xidmxidmxij48zz48cgf0acbkpsjnmjkundq5lde0ljy2mibdmjkundq5ldiyljcymiaymi44njgsmjkumju2ide0ljc1ldi5lji1nibdni42mzismjkumju2idaumduxldiyljcymiawlja1mswxnc42njigqzaumduxldyunjaxidyunjmyldaumdy3ide0ljc1ldaumdy3iemymi44njgsmc4wnjcgmjkundq5ldyunjaxidi5ljq0oswxnc42njiiigzpbgw9iinmzmyiihn0cm9rzt0ii2zmziigc3ryb2tllxdpzhropsixij48l3bhdgg+phbhdgggzd0itte0ljczmywxljy4nibdny41mtysms42odygms42njusny40otugms42njusmtqunjyyiemxljy2nswymc4xntkgns4xmdksmjquodu0idkuotcsmjyunzq0iem5ljg1niwyns43mtggos43ntmsmjqumtqzidewljaxniwymy4wmjigqzewlji1mywymi4wmsaxms41ndgsmtyuntcyidexlju0ocwxni41nzigqzexlju0ocwxni41nzigmteumtu3lde1ljc5nsaxms4xntcsmtqunjq2iemxms4xntcsmtiuodqyideyljixmswxms40otugmtmuntiyldexljq5nsbdmtqunjm3ldexljq5nsaxns4xnzusmtiumzi2ide1lje3nswxmy4zmjmgqze1lje3nswxnc40mzygmtqundyylde2ljegmtqumdkzlde3ljy0mybdmtmunzg1lde4ljkznsaxnc43ndusmtkuotg4ide2ljayocwxos45odggqze4ljm1mswxos45odggmjaumtm2lde3lju1niaymc4xmzysmtqumdq2iemymc4xmzysmtauotm5ide3ljg4ocw4ljc2nyaxnc42nzgsoc43njcgqzewljk1osw4ljc2nya4ljc3nywxms41mzygoc43nzcsmtqumzk4iem4ljc3nywxns41mtmgos4ymswxni43mdkgos43ndksmtcumzu5iem5ljg1niwxny40odggos44nzismtcunia5ljg0lde3ljczmsbdos43ndesmtgumtqxidkuntismtkumdizidkundc3lde5ljiwmybdos40miwxos40nca5lji4ocwxos40otegos4wncwxos4znzygqzcunda4lde4ljyymia2ljm4nywxni4yntigni4zodcsmtqumzq5iem2ljm4nywxmc4yntygos4zodmsni40otcgmtuumdiyldyundk3iemxos41ntusni40otcgmjmumdc4ldkunza1idizlja3ocwxmy45otegqzizlja3ocwxoc40njmgmjaumjm5ldiylja2miaxni4yotcsmjiumdyyiemxnc45nzmsmjiumdyyidezljcyocwyms4znzkgmtmumzayldiwlju3mibdmtmumzayldiwlju3miaxmi42ndcsmjmumdugmtiundg4ldizljy1nybdmtiumtkzldi0ljc4ncaxms4zotysmjyumtk2idewljg2mywyny4wntggqzeylja4niwyny40mzqgmtmumzg2ldi3ljyznyaxnc43mzmsmjcunjm3iemyms45nswyny42mzcgmjcuodaxldixljgyocayny44mdesmtqunjyyiemyny44mdesny40otugmjeuotusms42odygmtqunzmzldeunjg2iibmawxspsijymqwodfjij48l3bhdgg+pc9npjwvc3znpg==); background-color: #bd081c; background-size: 14px; position: absolute; opacity: 1; z-index: 8675309; display: none; cursor: pointer; border: none; -webkit-font-smoothing: antialiased; top: 1050px; left: 228px; background-position: 3px 50%; background-repeat: no-repeat no-repeat;\">Ment\u00e9s<\/span><\/p>\n","protected":false},"excerpt":{"rendered":"<p>A v\u00e9rt, azaz a p\u00e1nc\u00e9l a Sandtrooperekn\u00e9l egy m\u00f3dos\u00edtott hagyom\u00e1nyos Stormtrooper egy picit (nyil\u00e1n a sivatagi ig\u00e9nyekhez) m\u00f3dos\u00edtott verzi\u00f3ja. Teh\u00e1t egy &#8222;sima&#8221; rohamosztagos p\u00e1nc\u00e9l nem azonos a sandtrooperek \u00e1ltal viselt p\u00e1nc\u00e9llal. A f\u0151bb elt\u00e9r\u00e9sek, a v\u00e1llp\u00e1nt, a t\u00e9rdv\u00e9d\u0151, a hasp\u00e1nc\u00e9l k\u00f6zepe, \u00e9s m\u00e9g p\u00e1r apr\u00f3bb elt\u00e9r\u00e9s. (http:\/\/tk1336.com\/tdvtk.html) Az 501-es l\u00e9gi\u00f3 k\u00f6vetelm\u00e9nyei Magyarul is olvashat\u00f3ak. Ez &#8230; <a title=\"A v\u00e9rt\" class=\"read-more\" href=\"https:\/\/sandtrooper.hu\/index.php\/vert\/\">Read more<span class=\"screen-reader-text\">A v\u00e9rt<\/span><\/a><\/p>\n","protected":false},"author":1,"featured_media":0,"parent":0,"menu_order":0,"comment_status":"closed","ping_status":"closed","template":"","meta":{"footnotes":""},"class_list":["post-8","page","type-page","status-publish"],"_links":{"self":[{"href":"https:\/\/sandtrooper.hu\/index.php\/wp-json\/wp\/v2\/pages\/8","targetHints":{"allow":["GET"]}}],"collection":[{"href":"https:\/\/sandtrooper.hu\/index.php\/wp-json\/wp\/v2\/pages"}],"about":[{"href":"https:\/\/sandtrooper.hu\/index.php\/wp-json\/wp\/v2\/types\/page"}],"author":[{"embeddable":true,"href":"https:\/\/sandtrooper.hu\/index.php\/wp-json\/wp\/v2\/users\/1"}],"replies":[{"embeddable":true,"href":"https:\/\/sandtrooper.hu\/index.php\/wp-json\/wp\/v2\/comments?post=8"}],"version-history":[{"count":21,"href":"https:\/\/sandtrooper.hu\/index.php\/wp-json\/wp\/v2\/pages\/8\/revisions"}],"predecessor-version":[{"id":410,"href":"https:\/\/sandtrooper.hu\/index.php\/wp-json\/wp\/v2\/pages\/8\/revisions\/410"}],"wp:attachment":[{"href":"https:\/\/sandtrooper.hu\/index.php\/wp-json\/wp\/v2\/media?parent=8"}],"curies":[{"name":"wp","href":"https:\/\/api.w.org\/{rel}","templated":true}]}}